{"id":11,"date":"2024-08-11T20:42:27","date_gmt":"2024-08-11T20:42:27","guid":{"rendered":"https:\/\/michaela-uhler.ch\/?page_id=11"},"modified":"2024-08-19T20:17:42","modified_gmt":"2024-08-19T20:17:42","slug":"ueber-mich","status":"publish","type":"page","link":"https:\/\/michaela-uhler.ch\/?page_id=11","title":{"rendered":"\u00fcber mich"},"content":{"rendered":"\n<div class=\"wp-block-columns is-layout-flex wp-container-core-columns-is-layout-9d6595d7 wp-block-columns-is-layout-flex\">\n<div class=\"wp-block-column is-layout-flow wp-block-column-is-layout-flow\" style=\"flex-basis:66.66%\">\n<p style=\"font-size:31px\"><strong>Michaela Uhler-Huber, Uzwil<br>47 Jahre alt<br>verheiratet, zwei schulpflichtige Kinder<\/strong><\/p>\n<\/div>\n\n\n\n<div class=\"wp-block-column is-layout-flow wp-block-column-is-layout-flow\" style=\"flex-basis:33.33%\">\n<figure class=\"wp-block-image size-large\"><img loading=\"lazy\" decoding=\"async\" width=\"956\" height=\"1024\" src=\"https:\/\/michaela-uhler.ch\/wp-content\/uploads\/2024\/08\/MichiBild-956x1024.jpg\" alt=\"\" class=\"wp-image-12\" style=\"aspect-ratio:3\/4;object-fit:cover\" srcset=\"https:\/\/michaela-uhler.ch\/wp-content\/uploads\/2024\/08\/MichiBild-956x1024.jpg 956w, https:\/\/michaela-uhler.ch\/wp-content\/uploads\/2024\/08\/MichiBild-280x300.jpg 280w, https:\/\/michaela-uhler.ch\/wp-content\/uploads\/2024\/08\/MichiBild-768x823.jpg 768w, https:\/\/michaela-uhler.ch\/wp-content\/uploads\/2024\/08\/MichiBild-1434x1536.jpg 1434w, https:\/\/michaela-uhler.ch\/wp-content\/uploads\/2024\/08\/MichiBild-1912x2048.jpg 1912w\" sizes=\"auto, (max-width: 956px) 100vw, 956px\" \/><\/figure>\n<\/div>\n<\/div>\n\n\n\n<h3 class=\"wp-block-heading has-large-font-size\"><strong>Hobbies:<\/strong><\/h3>\n\n\n\n<p style=\"font-size:25px\">Familie, Musikverein Uzwil-Henau, Garten, dekoratives Gestalten, wandern, biken, kulturelle und sportliche Anl\u00e4sse besuchen<\/p>\n\n\n\n<figure class=\"wp-block-gallery has-nested-images columns-default is-cropped wp-block-gallery-1 is-layout-flex wp-block-gallery-is-layout-flex\">\n<figure class=\"wp-block-image size-medium\"><img loading=\"lazy\" decoding=\"async\" width=\"300\" height=\"225\" data-id=\"26\" src=\"https:\/\/michaela-uhler.ch\/wp-content\/uploads\/2024\/08\/IMG_4527-300x225.jpg\" alt=\"\" class=\"wp-image-26\" srcset=\"https:\/\/michaela-uhler.ch\/wp-content\/uploads\/2024\/08\/IMG_4527-300x225.jpg 300w, https:\/\/michaela-uhler.ch\/wp-content\/uploads\/2024\/08\/IMG_4527-1024x768.jpg 1024w, https:\/\/michaela-uhler.ch\/wp-content\/uploads\/2024\/08\/IMG_4527-768x576.jpg 768w, https:\/\/michaela-uhler.ch\/wp-content\/uploads\/2024\/08\/IMG_4527-1536x1152.jpg 1536w, https:\/\/michaela-uhler.ch\/wp-content\/uploads\/2024\/08\/IMG_4527-2048x1536.jpg 2048w\" sizes=\"auto, (max-width: 300px) 100vw, 300px\" \/><\/figure>\n\n\n\n<figure class=\"wp-block-image size-medium\"><img loading=\"lazy\" decoding=\"async\" width=\"225\" height=\"300\" data-id=\"25\" src=\"https:\/\/michaela-uhler.ch\/wp-content\/uploads\/2024\/08\/IMG_4659-225x300.jpg\" alt=\"\" class=\"wp-image-25\" srcset=\"https:\/\/michaela-uhler.ch\/wp-content\/uploads\/2024\/08\/IMG_4659-225x300.jpg 225w, https:\/\/michaela-uhler.ch\/wp-content\/uploads\/2024\/08\/IMG_4659-768x1024.jpg 768w, https:\/\/michaela-uhler.ch\/wp-content\/uploads\/2024\/08\/IMG_4659-1152x1536.jpg 1152w, https:\/\/michaela-uhler.ch\/wp-content\/uploads\/2024\/08\/IMG_4659-1536x2048.jpg 1536w, https:\/\/michaela-uhler.ch\/wp-content\/uploads\/2024\/08\/IMG_4659-scaled.jpg 1920w\" sizes=\"auto, (max-width: 225px) 100vw, 225px\" \/><\/figure>\n\n\n\n<figure class=\"wp-block-image size-medium\"><img loading=\"lazy\" decoding=\"async\" width=\"300\" height=\"225\" data-id=\"27\" src=\"https:\/\/michaela-uhler.ch\/wp-content\/uploads\/2024\/08\/IMG_4750-300x225.jpg\" alt=\"\" class=\"wp-image-27\" srcset=\"https:\/\/michaela-uhler.ch\/wp-content\/uploads\/2024\/08\/IMG_4750-300x225.jpg 300w, https:\/\/michaela-uhler.ch\/wp-content\/uploads\/2024\/08\/IMG_4750-1024x768.jpg 1024w, https:\/\/michaela-uhler.ch\/wp-content\/uploads\/2024\/08\/IMG_4750-768x576.jpg 768w, https:\/\/michaela-uhler.ch\/wp-content\/uploads\/2024\/08\/IMG_4750-1536x1152.jpg 1536w, https:\/\/michaela-uhler.ch\/wp-content\/uploads\/2024\/08\/IMG_4750-2048x1536.jpg 2048w\" sizes=\"auto, (max-width: 300px) 100vw, 300px\" \/><\/figure>\n<\/figure>\n\n\n\n<h3 class=\"wp-block-heading\" style=\"font-size:36px\"><strong>Ausbildung\/Weiterbildung:<\/strong><\/h3>\n\n\n\n<p style=\"font-size:25px\">Floristin, Handelsschule, F\u00fchrungsbegleitungsseminar, eidg. diplomierte Detailhandelsspezialistin<\/p>\n\n\n\n<h3 class=\"wp-block-heading has-large-font-size\"><strong>Aktuell Berufsausf\u00fchrung:<\/strong><\/h3>\n\n\n\n<p style=\"font-size:25px\">Gartenpflege Katholische Kirche Uzwil und Umgebung, Teilzeitfloristin, Schulr\u00e4tin, Familienfrau<\/p>\n\n\n\n<h3 class=\"wp-block-heading has-large-font-size\"><strong>Meine Motivation f\u00fcr die Kandidatur:<\/strong><\/h3>\n\n\n\n<h4 class=\"wp-block-heading\" style=\"font-size:30px\">gemeinsam<\/h4>\n\n\n\n<ul class=\"wp-block-list\">\n<li style=\"font-size:25px\">Projekte zusammen realisieren<\/li>\n\n\n\n<li style=\"font-size:25px\">team- und l\u00f6sungsorientiert<\/li>\n<\/ul>\n\n\n\n<p style=\"font-size:25px\">Das Gewerbe in Uzwil spielt eine zentrale Rolle f\u00fcr die wirtschaftliche und soziale Struktur der Gemeinde. Ein vitaler Dorfkern ist essenziell, um den lokalen Handel zu f\u00f6rdern und das Gemeinschaftsgef\u00fchl zu st\u00e4rken. Gerade in Zeiten, in denen der Detailhandel einem Wandel unterliegt, ist es umso wichtiger, innovative Wege zu finden, um sowohl die Tradition zu wahren als auch mit den modernen Entwicklungen Schritt zu halten.<\/p>\n\n\n\n<p style=\"font-size:25px\">Zusammenfassend l\u00e4sst sich sagen, dass es in der Gemeinde Uzwil darauf ankommt, eine Balance zwischen Tradition und Moderne zu finden. Ein lebendiger Dorfkern und ein innovativer Detailhandel k\u00f6nnen Hand in Hand gehen, wenn die lokalen Gegebenheiten und die globalen Trends geschickt miteinander verbunden werden.<\/p>\n\n\n\n<h4 class=\"wp-block-heading\" style=\"font-size:30px\">vernetzt<\/h4>\n\n\n\n<ul class=\"wp-block-list\">\n<li style=\"font-size:25px\">Schulr\u00e4tin Uzwil seit 2021<\/li>\n\n\n\n<li style=\"font-size:25px\">Kommission schulerg\u00e4nzende Betreuung seit 2021<\/li>\n\n\n\n<li style=\"font-size:25px\">Vorstand M\u00fctter- und V\u00e4terberatung Untertoggenburg Wil-Gossau seit 2021<\/li>\n<\/ul>\n\n\n\n<p style=\"font-size:25px\">Durch meine T\u00e4tigkeit im Schulrat und in der Kommission schulerg\u00e4nzende Betreuung setze ich mich aktiv f\u00fcr die Verbesserung der Bildungs- und Betreuungsangebot in meiner Gemeinde ein.<br>Mein Engagement im Vorstand der V\u00e4ter- und M\u00fctterberatung gilt mein Bestreben Familien in meiner Gemeinde zu unterst\u00fctzen und zu st\u00e4rken.<br>Weswegen ich meine politischen Erfahrungen nun auf der Ebene des Gemeinderates miteinbringen m\u00f6chte.<\/p>\n\n\n\n<h4 class=\"wp-block-heading\" style=\"font-size:30px\">verbunden<\/h4>\n\n\n\n<ul class=\"wp-block-list\">\n<li style=\"font-size:25px\">Familie, Freunde\/Bekannte in der Gemeinde Uzwil<\/li>\n\n\n\n<li style=\"font-size:25px\">Musikverein Uzwil-Henau Mitglied seit 2000, davon 6 Jahre im Vorstand<\/li>\n\n\n\n<li style=\"font-size:25px\">Verein Bambolo seit 2021, von 2022 im Vorstand<\/li>\n<\/ul>\n\n\n\n<p style=\"font-size:25px\">Uzwil mit seinen 7 D\u00f6rfern liegt mir am Herzen. Ich sch\u00e4tze die Infrastruktur, welche unsere Gemeinde bietet, die Schulen, die Freizeitm\u00f6glichkeiten, das Vereinsleben, das Gewerbe, der nahe Autobahnanschluss und den \u00f6ffentlichen Bahnverkehr.<br>Meine Familie ist schon seit Generationen in der Region verankert und ich bin selbst seit 1990 in Uzwil wohnhaft. Die Oberstufe sowie die Lehrzeit absolvierte ich in unserer Gemeinde. Nach einer kurzen Zeit in Oberb\u00fcren bin ich mit meinem Mann vor 16 Jahren wieder nach Uzwil zur\u00fcckgekehrt, wo ich nun mit meiner eigenen Familie lebe.<\/p>\n\n\n\n<h2 class=\"wp-block-heading has-large-font-size\"><strong>Vielen Dank f\u00fcr Ihre Stimme am 22. September 2024.<\/strong><\/h2>\n","protected":false},"excerpt":{"rendered":"<p>Michaela Uhler-Huber, Uzwil47 Jahre altverheiratet, zwei schulpflichtige Kinder Hobbies: Familie, Musikverein Uzwil-Henau, Garten, dekoratives Gestalten, wandern, biken, kulturelle und sportliche Anl\u00e4sse besuchen Ausbildung\/Weiterbildung: Floristin, Handelsschule, F\u00fchrungsbegleitungsseminar, eidg. diplomierte Detailhandelsspezialistin Aktuell Berufsausf\u00fchrung: Gartenpflege Katholische Kirche Uzwil und Umgebung, Teilzeitfloristin, Schulr\u00e4tin, Familienfrau Meine Motivation f\u00fcr die Kandidatur: gemeinsam Das Gewerbe in Uzwil spielt eine zentrale Rolle f\u00fcr&hellip; <br \/> <a class=\"button small blue\" href=\"https:\/\/michaela-uhler.ch\/?page_id=11\">Weiterlesen<\/a><\/p>\n","protected":false},"author":1,"featured_media":0,"parent":0,"menu_order":0,"comment_status":"closed","ping_status":"closed","template":"page-templates\/homepage.php","meta":{"footnotes":""},"class_list":["post-11","page","type-page","status-publish","hentry"],"yoast_head":"<!-- This site is optimized with the Yoast SEO plugin v27.3 - https:\/\/yoast.com\/product\/yoast-seo-wordpress\/ -->\n<title>\u00fcber mich - Michaela Uhler-Huber<\/title>\n<meta name=\"robots\" content=\"index, follow, max-snippet:-1, max-image-preview:large, max-video-preview:-1\" \/>\n<link rel=\"canonical\" href=\"https:\/\/michaela-uhler.ch\/?page_id=11\" \/>\n<meta property=\"og:locale\" content=\"de_DE\" \/>\n<meta property=\"og:type\" content=\"article\" \/>\n<meta property=\"og:title\" content=\"\u00fcber mich - Michaela Uhler-Huber\" \/>\n<meta property=\"og:description\" content=\"Michaela Uhler-Huber, Uzwil47 Jahre altverheiratet, zwei schulpflichtige Kinder Hobbies: Familie, Musikverein Uzwil-Henau, Garten, dekoratives Gestalten, wandern, biken, kulturelle und sportliche Anl\u00e4sse besuchen Ausbildung\/Weiterbildung: Floristin, Handelsschule, F\u00fchrungsbegleitungsseminar, eidg. diplomierte Detailhandelsspezialistin Aktuell Berufsausf\u00fchrung: Gartenpflege Katholische Kirche Uzwil und Umgebung, Teilzeitfloristin, Schulr\u00e4tin, Familienfrau Meine Motivation f\u00fcr die Kandidatur: gemeinsam Das Gewerbe in Uzwil spielt eine zentrale Rolle f\u00fcr&hellip; Weiterlesen\" \/>\n<meta property=\"og:url\" content=\"https:\/\/michaela-uhler.ch\/?page_id=11\" \/>\n<meta property=\"og:site_name\" content=\"Michaela Uhler-Huber\" \/>\n<meta property=\"article:modified_time\" content=\"2024-08-19T20:17:42+00:00\" \/>\n<meta property=\"og:image\" content=\"https:\/\/michaela-uhler.ch\/wp-content\/uploads\/2024\/08\/MichiBild-956x1024.jpg\" \/>\n<meta name=\"twitter:card\" content=\"summary_large_image\" \/>\n<meta name=\"twitter:label1\" content=\"Gesch\u00e4tzte Lesezeit\" \/>\n\t<meta name=\"twitter:data1\" content=\"3\u00a0Minuten\" \/>\n<script type=\"application\/ld+json\" class=\"yoast-schema-graph\">{\"@context\":\"https:\\\/\\\/schema.org\",\"@graph\":[{\"@type\":\"WebPage\",\"@id\":\"https:\\\/\\\/michaela-uhler.ch\\\/?page_id=11\",\"url\":\"https:\\\/\\\/michaela-uhler.ch\\\/?page_id=11\",\"name\":\"\u00fcber mich - Michaela Uhler-Huber\",\"isPartOf\":{\"@id\":\"https:\\\/\\\/michaela-uhler.ch\\\/#website\"},\"primaryImageOfPage\":{\"@id\":\"https:\\\/\\\/michaela-uhler.ch\\\/?page_id=11#primaryimage\"},\"image\":{\"@id\":\"https:\\\/\\\/michaela-uhler.ch\\\/?page_id=11#primaryimage\"},\"thumbnailUrl\":\"https:\\\/\\\/michaela-uhler.ch\\\/wp-content\\\/uploads\\\/2024\\\/08\\\/MichiBild-956x1024.jpg\",\"datePublished\":\"2024-08-11T20:42:27+00:00\",\"dateModified\":\"2024-08-19T20:17:42+00:00\",\"breadcrumb\":{\"@id\":\"https:\\\/\\\/michaela-uhler.ch\\\/?page_id=11#breadcrumb\"},\"inLanguage\":\"de\",\"potentialAction\":[{\"@type\":\"ReadAction\",\"target\":[\"https:\\\/\\\/michaela-uhler.ch\\\/?page_id=11\"]}]},{\"@type\":\"ImageObject\",\"inLanguage\":\"de\",\"@id\":\"https:\\\/\\\/michaela-uhler.ch\\\/?page_id=11#primaryimage\",\"url\":\"https:\\\/\\\/michaela-uhler.ch\\\/wp-content\\\/uploads\\\/2024\\\/08\\\/MichiBild-scaled.jpg\",\"contentUrl\":\"https:\\\/\\\/michaela-uhler.ch\\\/wp-content\\\/uploads\\\/2024\\\/08\\\/MichiBild-scaled.jpg\",\"width\":2390,\"height\":2560},{\"@type\":\"BreadcrumbList\",\"@id\":\"https:\\\/\\\/michaela-uhler.ch\\\/?page_id=11#breadcrumb\",\"itemListElement\":[{\"@type\":\"ListItem\",\"position\":1,\"name\":\"Startseite\",\"item\":\"https:\\\/\\\/michaela-uhler.ch\\\/\"},{\"@type\":\"ListItem\",\"position\":2,\"name\":\"\u00fcber mich\"}]},{\"@type\":\"WebSite\",\"@id\":\"https:\\\/\\\/michaela-uhler.ch\\\/#website\",\"url\":\"https:\\\/\\\/michaela-uhler.ch\\\/\",\"name\":\"Michaela Uhler-Huber\",\"description\":\"\",\"potentialAction\":[{\"@type\":\"SearchAction\",\"target\":{\"@type\":\"EntryPoint\",\"urlTemplate\":\"https:\\\/\\\/michaela-uhler.ch\\\/?s={search_term_string}\"},\"query-input\":{\"@type\":\"PropertyValueSpecification\",\"valueRequired\":true,\"valueName\":\"search_term_string\"}}],\"inLanguage\":\"de\"}]}<\/script>\n<!-- \/ Yoast SEO plugin. -->","yoast_head_json":{"title":"\u00fcber mich - Michaela Uhler-Huber","robots":{"index":"index","follow":"follow","max-snippet":"max-snippet:-1","max-image-preview":"max-image-preview:large","max-video-preview":"max-video-preview:-1"},"canonical":"https:\/\/michaela-uhler.ch\/?page_id=11","og_locale":"de_DE","og_type":"article","og_title":"\u00fcber mich - Michaela Uhler-Huber","og_description":"Michaela Uhler-Huber, Uzwil47 Jahre altverheiratet, zwei schulpflichtige Kinder Hobbies: Familie, Musikverein Uzwil-Henau, Garten, dekoratives Gestalten, wandern, biken, kulturelle und sportliche Anl\u00e4sse besuchen Ausbildung\/Weiterbildung: Floristin, Handelsschule, F\u00fchrungsbegleitungsseminar, eidg. diplomierte Detailhandelsspezialistin Aktuell Berufsausf\u00fchrung: Gartenpflege Katholische Kirche Uzwil und Umgebung, Teilzeitfloristin, Schulr\u00e4tin, Familienfrau Meine Motivation f\u00fcr die Kandidatur: gemeinsam Das Gewerbe in Uzwil spielt eine zentrale Rolle f\u00fcr&hellip; Weiterlesen","og_url":"https:\/\/michaela-uhler.ch\/?page_id=11","og_site_name":"Michaela Uhler-Huber","article_modified_time":"2024-08-19T20:17:42+00:00","og_image":[{"url":"https:\/\/michaela-uhler.ch\/wp-content\/uploads\/2024\/08\/MichiBild-956x1024.jpg","type":"","width":"","height":""}],"twitter_card":"summary_large_image","twitter_misc":{"Gesch\u00e4tzte Lesezeit":"3\u00a0Minuten"},"schema":{"@context":"https:\/\/schema.org","@graph":[{"@type":"WebPage","@id":"https:\/\/michaela-uhler.ch\/?page_id=11","url":"https:\/\/michaela-uhler.ch\/?page_id=11","name":"\u00fcber mich - Michaela Uhler-Huber","isPartOf":{"@id":"https:\/\/michaela-uhler.ch\/#website"},"primaryImageOfPage":{"@id":"https:\/\/michaela-uhler.ch\/?page_id=11#primaryimage"},"image":{"@id":"https:\/\/michaela-uhler.ch\/?page_id=11#primaryimage"},"thumbnailUrl":"https:\/\/michaela-uhler.ch\/wp-content\/uploads\/2024\/08\/MichiBild-956x1024.jpg","datePublished":"2024-08-11T20:42:27+00:00","dateModified":"2024-08-19T20:17:42+00:00","breadcrumb":{"@id":"https:\/\/michaela-uhler.ch\/?page_id=11#breadcrumb"},"inLanguage":"de","potentialAction":[{"@type":"ReadAction","target":["https:\/\/michaela-uhler.ch\/?page_id=11"]}]},{"@type":"ImageObject","inLanguage":"de","@id":"https:\/\/michaela-uhler.ch\/?page_id=11#primaryimage","url":"https:\/\/michaela-uhler.ch\/wp-content\/uploads\/2024\/08\/MichiBild-scaled.jpg","contentUrl":"https:\/\/michaela-uhler.ch\/wp-content\/uploads\/2024\/08\/MichiBild-scaled.jpg","width":2390,"height":2560},{"@type":"BreadcrumbList","@id":"https:\/\/michaela-uhler.ch\/?page_id=11#breadcrumb","itemListElement":[{"@type":"ListItem","position":1,"name":"Startseite","item":"https:\/\/michaela-uhler.ch\/"},{"@type":"ListItem","position":2,"name":"\u00fcber mich"}]},{"@type":"WebSite","@id":"https:\/\/michaela-uhler.ch\/#website","url":"https:\/\/michaela-uhler.ch\/","name":"Michaela Uhler-Huber","description":"","potentialAction":[{"@type":"SearchAction","target":{"@type":"EntryPoint","urlTemplate":"https:\/\/michaela-uhler.ch\/?s={search_term_string}"},"query-input":{"@type":"PropertyValueSpecification","valueRequired":true,"valueName":"search_term_string"}}],"inLanguage":"de"}]}},"_links":{"self":[{"href":"https:\/\/michaela-uhler.ch\/index.php?rest_route=\/wp\/v2\/pages\/11","targetHints":{"allow":["GET"]}}],"collection":[{"href":"https:\/\/michaela-uhler.ch\/index.php?rest_route=\/wp\/v2\/pages"}],"about":[{"href":"https:\/\/michaela-uhler.ch\/index.php?rest_route=\/wp\/v2\/types\/page"}],"author":[{"embeddable":true,"href":"https:\/\/michaela-uhler.ch\/index.php?rest_route=\/wp\/v2\/users\/1"}],"replies":[{"embeddable":true,"href":"https:\/\/michaela-uhler.ch\/index.php?rest_route=%2Fwp%2Fv2%2Fcomments&post=11"}],"version-history":[{"count":32,"href":"https:\/\/michaela-uhler.ch\/index.php?rest_route=\/wp\/v2\/pages\/11\/revisions"}],"predecessor-version":[{"id":203,"href":"https:\/\/michaela-uhler.ch\/index.php?rest_route=\/wp\/v2\/pages\/11\/revisions\/203"}],"wp:attachment":[{"href":"https:\/\/michaela-uhler.ch\/index.php?rest_route=%2Fwp%2Fv2%2Fmedia&parent=11"}],"curies":[{"name":"wp","href":"https:\/\/api.w.org\/{rel}","templated":true}]}}